{"id":2045,"date":"2023-11-24T21:47:20","date_gmt":"2023-11-25T00:47:20","guid":{"rendered":"https:\/\/lupusufmg.medicina.ufmg.br\/?page_id=2045"},"modified":"2023-11-25T16:12:48","modified_gmt":"2023-11-25T19:12:48","slug":"gples-sobre-nos-2","status":"publish","type":"page","link":"https:\/\/lupusufmg.medicina.ufmg.br\/index.php\/gples-sobre-nos-2\/","title":{"rendered":"GPLES &#8211; O que \u00e9 L\u00fapus?"},"content":{"rendered":"\t\t<div data-elementor-type=\"wp-page\" data-elementor-id=\"2045\" class=\"elementor elementor-2045\">\n\t\t\t\t\t\t\t<div class=\"elementor-element elementor-element-891f9b7 e-flex e-con-boxed e-con\" data-id=\"891f9b7\" data-element_type=\"container\" data-settings=\"{&quot;background_background&quot;:&quot;classic&quot;,&quot;content_width&quot;:&quot;boxed&quot;}\">\n\t\t\t\t\t<div class=\"e-con-inner\">\n\t\t\t\t<div class=\"elementor-element elementor-element-43a9d29 jltma-glass-effect-no elementor-widget elementor-widget-heading\" data-id=\"43a9d29\" data-element_type=\"widget\" data-widget_type=\"heading.default\">\n\t\t\t\t<div class=\"elementor-widget-container\">\n\t\t\t<style>\/*! elementor - v3.15.0 - 20-08-2023 *\/\n.elementor-heading-title{padding:0;margin:0;line-height:1}.elementor-widget-heading .elementor-heading-title[class*=elementor-size-]>a{color:inherit;font-size:inherit;line-height:inherit}.elementor-widget-heading .elementor-heading-title.elementor-size-small{font-size:15px}.elementor-widget-heading .elementor-heading-title.elementor-size-medium{font-size:19px}.elementor-widget-heading .elementor-heading-title.elementor-size-large{font-size:29px}.elementor-widget-heading .elementor-heading-title.elementor-size-xl{font-size:39px}.elementor-widget-heading .elementor-heading-title.elementor-size-xxl{font-size:59px}<\/style><h2 class=\"elementor-heading-title elementor-size-default\">O que \u00e9 L\u00fapus?<\/h2>\t\t<\/div>\n\t\t\t\t<\/div>\n\t\t\t\t\t<\/div>\n\t\t\t\t<\/div>\n\t\t<div class=\"elementor-element elementor-element-093392c e-flex e-con-boxed e-con\" data-id=\"093392c\" data-element_type=\"container\" data-settings=\"{&quot;content_width&quot;:&quot;boxed&quot;}\">\n\t\t\t\t\t<div class=\"e-con-inner\">\n\t\t<div class=\"elementor-element elementor-element-e9f8709 e-con-full e-flex e-con\" data-id=\"e9f8709\" data-element_type=\"container\" data-settings=\"{&quot;content_width&quot;:&quot;full&quot;}\">\n\t\t\t\t<div class=\"elementor-element elementor-element-6cef809 elementor-widget__width-inherit jltma-glass-effect-no elementor-widget elementor-widget-text-editor\" data-id=\"6cef809\" data-element_type=\"widget\" data-widget_type=\"text-editor.default\">\n\t\t\t\t<div class=\"elementor-widget-container\">\n\t\t\t<style>\/*! elementor - v3.15.0 - 20-08-2023 *\/\n.elementor-widget-text-editor.elementor-drop-cap-view-stacked .elementor-drop-cap{background-color:#69727d;color:#fff}.elementor-widget-text-editor.elementor-drop-cap-view-framed .elementor-drop-cap{color:#69727d;border:3px solid;background-color:transparent}.elementor-widget-text-editor:not(.elementor-drop-cap-view-default) .elementor-drop-cap{margin-top:8px}.elementor-widget-text-editor:not(.elementor-drop-cap-view-default) .elementor-drop-cap-letter{width:1em;height:1em}.elementor-widget-text-editor .elementor-drop-cap{float:left;text-align:center;line-height:1;font-size:50px}.elementor-widget-text-editor .elementor-drop-cap-letter{display:inline-block}<\/style>\t\t\t\t<p>Como a doen\u00e7a se desenvolve?<\/p>\t\t\t\t\t\t<\/div>\n\t\t\t\t<\/div>\n\t\t\t\t<div class=\"elementor-element elementor-element-ded45eb jltma-glass-effect-no elementor-widget elementor-widget-text-editor\" data-id=\"ded45eb\" data-element_type=\"widget\" data-widget_type=\"text-editor.default\">\n\t\t\t\t<div class=\"elementor-widget-container\">\n\t\t\t\t\t\t\t<p><span style=\"font-weight: 400;\">O L\u00fapus Eritematoso Sist\u00eamico (LES) \u00e9 uma <\/span>doen\u00e7a autoimune complexa e cr\u00f4nica<span style=\"font-weight: 400;\"> que afeta diversos \u00f3rg\u00e3os e sistemas do corpo. No LES, o <\/span>sistema imunol\u00f3gico<span style=\"font-weight: 400;\">, que normalmente protege o corpo contra invasores como v\u00edrus e bact\u00e9rias, <\/span>come\u00e7a a atacar erroneamente as pr\u00f3prias c\u00e9lulas e tecidos<span style=\"font-weight: 400;\">, desencadeando inflama\u00e7\u00e3o e danos. Esse processo pode resultar em uma variedade de sintomas que afetam principalmente a <\/span>pele, articula\u00e7\u00f5es, rins, cora\u00e7\u00e3o, pulm\u00f5es e c\u00e9rebro<span style=\"font-weight: 400;\">.<\/span><\/p>\n<p><\/p>\t\t\t\t\t\t<\/div>\n\t\t\t\t<\/div>\n\t\t\t\t<div class=\"elementor-element elementor-element-edb2c4e elementor-widget__width-inherit jltma-glass-effect-no elementor-widget elementor-widget-text-editor\" data-id=\"edb2c4e\" data-element_type=\"widget\" data-widget_type=\"text-editor.default\">\n\t\t\t\t<div class=\"elementor-widget-container\">\n\t\t\t\t\t\t\t<p>Quais s\u00e3o os sintomas?<\/p>\t\t\t\t\t\t<\/div>\n\t\t\t\t<\/div>\n\t\t\t\t<div class=\"elementor-element elementor-element-5ba267a jltma-glass-effect-no elementor-widget elementor-widget-text-editor\" data-id=\"5ba267a\" data-element_type=\"widget\" data-widget_type=\"text-editor.default\">\n\t\t\t\t<div class=\"elementor-widget-container\">\n\t\t\t\t\t\t\t<p><span style=\"font-weight: 400;\">Os <\/span>sintomas do LES podem ser diversos<span style=\"font-weight: 400;\"> e incluem fadiga persistente, dores articulares, erup\u00e7\u00f5es cut\u00e2neas em \u00e1reas expostas ao sol, febre, perda de cabelo e les\u00f5es nas mucosas. Esses sintomas podem ser intermitentes, surgindo e desaparecendo ao longo do tempo. Como o LES pode imitar outras condi\u00e7\u00f5es e os sintomas variam amplamente entre os pacientes, <\/span>o diagn\u00f3stico pode ser desafiador<span style=\"font-weight: 400;\">.<\/span><\/p>\t\t\t\t\t\t<\/div>\n\t\t\t\t<\/div>\n\t\t\t\t<div class=\"elementor-element elementor-element-54b9380 elementor-widget__width-inherit jltma-glass-effect-no elementor-widget elementor-widget-text-editor\" data-id=\"54b9380\" data-element_type=\"widget\" data-widget_type=\"text-editor.default\">\n\t\t\t\t<div class=\"elementor-widget-container\">\n\t\t\t\t\t\t\t<p>Em que tipo de pessoa ocorre? A doen\u00e7a \u00e9 gen\u00e9tica?<\/p>\t\t\t\t\t\t<\/div>\n\t\t\t\t<\/div>\n\t\t\t\t<div class=\"elementor-element elementor-element-b4915d7 jltma-glass-effect-no elementor-widget elementor-widget-text-editor\" data-id=\"b4915d7\" data-element_type=\"widget\" data-widget_type=\"text-editor.default\">\n\t\t\t\t<div class=\"elementor-widget-container\">\n\t\t\t\t\t\t\t<p><span style=\"font-weight: 400;\">O LES \u00e9 <\/span>mais comum em mulheres em idade f\u00e9rtil<span style=\"font-weight: 400;\">, embora possa ocorrer em qualquer idade e em ambos os sexos. <\/span>Fatores gen\u00e9ticos e ambientais<span style=\"font-weight: 400;\"> desempenham um papel no desenvolvimento da doen\u00e7a. <\/span>O diagn\u00f3stico precoce \u00e9 crucial para o manejo eficaz<span style=\"font-weight: 400;\">, e os profissionais de sa\u00fade muitas vezes usam uma combina\u00e7\u00e3o de exames de sangue, an\u00e1lise cl\u00ednica e exames de imagem para confirmar a presen\u00e7a da doen\u00e7a.<\/span><\/p>\t\t\t\t\t\t<\/div>\n\t\t\t\t<\/div>\n\t\t\t\t<div class=\"elementor-element elementor-element-32e5b4e elementor-widget__width-inherit jltma-glass-effect-no elementor-widget elementor-widget-text-editor\" data-id=\"32e5b4e\" data-element_type=\"widget\" data-widget_type=\"text-editor.default\">\n\t\t\t\t<div class=\"elementor-widget-container\">\n\t\t\t\t\t\t\t<p>Como \u00e9 feito o tratamento do L\u00fapus?<\/p>\t\t\t\t\t\t<\/div>\n\t\t\t\t<\/div>\n\t\t\t\t<div class=\"elementor-element elementor-element-665b0fd jltma-glass-effect-no elementor-widget elementor-widget-text-editor\" data-id=\"665b0fd\" data-element_type=\"widget\" data-widget_type=\"text-editor.default\">\n\t\t\t\t<div class=\"elementor-widget-container\">\n\t\t\t\t\t\t\t<p><span style=\"font-weight: 400;\">Embora n\u00e3o haja cura para o LES, existem tratamentos dispon\u00edveis para <\/span>controlar os sintomas e prevenir complica\u00e7\u00f5es<span style=\"font-weight: 400;\">. Medicamentos <\/span>imunossupressores, anti-inflamat\u00f3rios e corticosteroides<span style=\"font-weight: 400;\"> podem ser prescritos com base na gravidade dos sintomas e nos \u00f3rg\u00e3os afetados. Al\u00e9m do tratamento m\u00e9dico, a gest\u00e3o do LES muitas vezes envolve um <\/span>estilo de vida saud\u00e1vel, incluindo prote\u00e7\u00e3o solar adequada, exerc\u00edcios regulares e gest\u00e3o do estresse<span style=\"font-weight: 400;\">.<\/span><\/p>\t\t\t\t\t\t<\/div>\n\t\t\t\t<\/div>\n\t\t\t\t<div class=\"elementor-element elementor-element-e3feca0 elementor-widget__width-inherit jltma-glass-effect-no elementor-widget elementor-widget-text-editor\" data-id=\"e3feca0\" data-element_type=\"widget\" data-widget_type=\"text-editor.default\">\n\t\t\t\t<div class=\"elementor-widget-container\">\n\t\t\t\t\t\t\t<p>\u00c9 poss\u00edvel viver de forma saud\u00e1vel com L\u00fapus?<\/p>\t\t\t\t\t\t<\/div>\n\t\t\t\t<\/div>\n\t\t\t\t<div class=\"elementor-element elementor-element-fb6cd87 jltma-glass-effect-no elementor-widget elementor-widget-text-editor\" data-id=\"fb6cd87\" data-element_type=\"widget\" data-widget_type=\"text-editor.default\">\n\t\t\t\t<div class=\"elementor-widget-container\">\n\t\t\t\t\t\t\t<p><span style=\"color: var( --e-global-color-text ); letter-spacing: 0px;\">\u00c9 claro!<\/span><span style=\"font-weight: 400; color: var( --e-global-color-text ); letter-spacing: 0px;\"> Viver de forma saud\u00e1vel com l\u00fapus envolve a ado\u00e7\u00e3o de medidas que ajudem a gerenciar os sintomas da doen\u00e7a e promover o bem-estar geral. Manter uma rotina equilibrada que inclua uma <\/span><span style=\"color: var( --e-global-color-text ); letter-spacing: 0px;\">dieta saud\u00e1vel<\/span><span style=\"font-weight: 400; color: var( --e-global-color-text ); letter-spacing: 0px;\">, rica em nutrientes, \u00e9 fundamental. A <\/span><span style=\"color: var( --e-global-color-text ); letter-spacing: 0px;\">prote\u00e7\u00e3o solar adequada<\/span><span style=\"font-weight: 400; color: var( --e-global-color-text ); letter-spacing: 0px;\"> \u00e9 essencial, dado que a exposi\u00e7\u00e3o ao sol pode desencadear ou agravar os sintomas cut\u00e2neos do l\u00fapus. A <\/span><span style=\"color: var( --e-global-color-text ); letter-spacing: 0px;\">pr\u00e1tica regular de exerc\u00edcios<\/span><span style=\"font-weight: 400; color: var( --e-global-color-text ); letter-spacing: 0px;\"> leves, adaptados \u00e0s capacidades individuais, contribui para o fortalecimento do corpo e a redu\u00e7\u00e3o do estresse. Al\u00e9m disso, \u00e9 importante <\/span><span style=\"color: var( --e-global-color-text ); letter-spacing: 0px;\">gerenciar o estresse<\/span><span style=\"font-weight: 400; color: var( --e-global-color-text ); letter-spacing: 0px;\"> por meio de t\u00e9cnicas como medita\u00e7\u00e3o e relaxamento, uma vez que o estresse pode desencadear ou intensificar os sintomas do l\u00fapus. Manter uma <\/span><span style=\"color: var( --e-global-color-text ); letter-spacing: 0px;\">comunica\u00e7\u00e3o aberta com a equipe m\u00e9dica, seguir as orienta\u00e7\u00f5es do tratamento prescrito e participar ativamente do autocuidado<\/span><span style=\"font-weight: 400; color: var( --e-global-color-text ); letter-spacing: 0px;\"> s\u00e3o elementos essenciais para viver de maneira saud\u00e1vel com l\u00fapus. Cada pessoa enfrenta desafios \u00fanicos, e uma abordagem personalizada que inclua o suporte de profissionais de sa\u00fade pode ajudar a otimizar a qualidade de vida para aqueles que convivem com essa condi\u00e7\u00e3o.<\/span><\/p>\t\t\t\t\t\t<\/div>\n\t\t\t\t<\/div>\n\t\t\t\t<\/div>\n\t\t\t\t\t<\/div>\n\t\t\t\t<\/div>\n\t\t\t\t\t\t\t<\/div>\n\t\t","protected":false},"excerpt":{"rendered":"<p>O que \u00e9 L\u00fapus? Como a doen\u00e7a se desenvolve? O L\u00fapus Eritematoso Sist\u00eamico (LES) \u00e9 uma doen\u00e7a autoimune complexa e cr\u00f4nica que afeta diversos \u00f3rg\u00e3os e sistemas do corpo. No LES, o sistema imunol\u00f3gico, que normalmente protege o corpo contra invasores como v\u00edrus e bact\u00e9rias, come\u00e7a a atacar erroneamente as pr\u00f3prias c\u00e9lulas e tecidos, desencadeando [&hellip;]<\/p>\n","protected":false},"author":3,"featured_media":0,"parent":0,"menu_order":0,"comment_status":"closed","ping_status":"closed","template":"elementor_header_footer","meta":{"footnotes":""},"class_list":["post-2045","page","type-page","status-publish","hentry"],"_links":{"self":[{"href":"https:\/\/lupusufmg.medicina.ufmg.br\/index.php\/wp-json\/wp\/v2\/pages\/2045","targetHints":{"allow":["GET"]}}],"collection":[{"href":"https:\/\/lupusufmg.medicina.ufmg.br\/index.php\/wp-json\/wp\/v2\/pages"}],"about":[{"href":"https:\/\/lupusufmg.medicina.ufmg.br\/index.php\/wp-json\/wp\/v2\/types\/page"}],"author":[{"embeddable":true,"href":"https:\/\/lupusufmg.medicina.ufmg.br\/index.php\/wp-json\/wp\/v2\/users\/3"}],"replies":[{"embeddable":true,"href":"https:\/\/lupusufmg.medicina.ufmg.br\/index.php\/wp-json\/wp\/v2\/comments?post=2045"}],"version-history":[{"count":10,"href":"https:\/\/lupusufmg.medicina.ufmg.br\/index.php\/wp-json\/wp\/v2\/pages\/2045\/revisions"}],"predecessor-version":[{"id":2194,"href":"https:\/\/lupusufmg.medicina.ufmg.br\/index.php\/wp-json\/wp\/v2\/pages\/2045\/revisions\/2194"}],"wp:attachment":[{"href":"https:\/\/lupusufmg.medicina.ufmg.br\/index.php\/wp-json\/wp\/v2\/media?parent=2045"}],"curies":[{"name":"wp","href":"https:\/\/api.w.org\/{rel}","templated":true}]}}