{"id":2072,"date":"2023-11-25T13:49:42","date_gmt":"2023-11-25T16:49:42","guid":{"rendered":"https:\/\/lupusufmg.medicina.ufmg.br\/?page_id=2072"},"modified":"2023-11-25T15:29:59","modified_gmt":"2023-11-25T18:29:59","slug":"gples-sobre-nos-4","status":"publish","type":"page","link":"https:\/\/lupusufmg.medicina.ufmg.br\/index.php\/gples-sobre-nos-4\/","title":{"rendered":"GPLES &#8211; Vacina\u00e7\u00e3o"},"content":{"rendered":"\t\t<div data-elementor-type=\"wp-page\" data-elementor-id=\"2072\" class=\"elementor elementor-2072\">\n\t\t\t\t\t\t\t<div class=\"elementor-element elementor-element-891f9b7 e-flex e-con-boxed e-con\" data-id=\"891f9b7\" data-element_type=\"container\" data-settings=\"{&quot;background_background&quot;:&quot;classic&quot;,&quot;content_width&quot;:&quot;boxed&quot;}\">\n\t\t\t\t\t<div class=\"e-con-inner\">\n\t\t\t\t<div class=\"elementor-element elementor-element-43a9d29 jltma-glass-effect-no elementor-widget elementor-widget-heading\" data-id=\"43a9d29\" data-element_type=\"widget\" data-widget_type=\"heading.default\">\n\t\t\t\t<div class=\"elementor-widget-container\">\n\t\t\t<style>\/*! elementor - v3.15.0 - 20-08-2023 *\/\n.elementor-heading-title{padding:0;margin:0;line-height:1}.elementor-widget-heading .elementor-heading-title[class*=elementor-size-]>a{color:inherit;font-size:inherit;line-height:inherit}.elementor-widget-heading .elementor-heading-title.elementor-size-small{font-size:15px}.elementor-widget-heading .elementor-heading-title.elementor-size-medium{font-size:19px}.elementor-widget-heading .elementor-heading-title.elementor-size-large{font-size:29px}.elementor-widget-heading .elementor-heading-title.elementor-size-xl{font-size:39px}.elementor-widget-heading .elementor-heading-title.elementor-size-xxl{font-size:59px}<\/style><h2 class=\"elementor-heading-title elementor-size-default\">Vacina\u00e7\u00e3o<\/h2>\t\t<\/div>\n\t\t\t\t<\/div>\n\t\t\t\t\t<\/div>\n\t\t\t\t<\/div>\n\t\t<div class=\"elementor-element elementor-element-093392c e-flex e-con-boxed e-con\" data-id=\"093392c\" data-element_type=\"container\" data-settings=\"{&quot;content_width&quot;:&quot;boxed&quot;}\">\n\t\t\t\t\t<div class=\"e-con-inner\">\n\t\t<div class=\"elementor-element elementor-element-e9f8709 e-con-full e-flex e-con\" data-id=\"e9f8709\" data-element_type=\"container\" data-settings=\"{&quot;content_width&quot;:&quot;full&quot;}\">\n\t\t\t\t<div class=\"elementor-element elementor-element-6cef809 elementor-widget__width-inherit jltma-glass-effect-no elementor-widget elementor-widget-text-editor\" data-id=\"6cef809\" data-element_type=\"widget\" data-widget_type=\"text-editor.default\">\n\t\t\t\t<div class=\"elementor-widget-container\">\n\t\t\t<style>\/*! elementor - v3.15.0 - 20-08-2023 *\/\n.elementor-widget-text-editor.elementor-drop-cap-view-stacked .elementor-drop-cap{background-color:#69727d;color:#fff}.elementor-widget-text-editor.elementor-drop-cap-view-framed .elementor-drop-cap{color:#69727d;border:3px solid;background-color:transparent}.elementor-widget-text-editor:not(.elementor-drop-cap-view-default) .elementor-drop-cap{margin-top:8px}.elementor-widget-text-editor:not(.elementor-drop-cap-view-default) .elementor-drop-cap-letter{width:1em;height:1em}.elementor-widget-text-editor .elementor-drop-cap{float:left;text-align:center;line-height:1;font-size:50px}.elementor-widget-text-editor .elementor-drop-cap-letter{display:inline-block}<\/style>\t\t\t\t<p>O projeto<\/p>\t\t\t\t\t\t<\/div>\n\t\t\t\t<\/div>\n\t\t\t\t<div class=\"elementor-element elementor-element-ded45eb jltma-glass-effect-no elementor-widget elementor-widget-text-editor\" data-id=\"ded45eb\" data-element_type=\"widget\" data-widget_type=\"text-editor.default\">\n\t\t\t\t<div class=\"elementor-widget-container\">\n\t\t\t\t\t\t\t<p><span style=\"font-weight: 400;\">Em 2017, foi iniciado um projeto com o prop\u00f3sito de realizar uma <\/span>avalia\u00e7\u00e3o cont\u00ednua da situa\u00e7\u00e3o vacinal de pacientes com l\u00fapus<span style=\"font-weight: 400;\">, encaminhando aqueles com atrasos no cart\u00e3o de vacinas ao Centro de Refer\u00eancia em Imunobiol\u00f3gicos Especiais (CRIE). Essa iniciativa visa <\/span>educar e controlar complica\u00e7\u00f5es infecciosas<span style=\"font-weight: 400;\">, dada a imunossupress\u00e3o comum em pacientes com l\u00fapus, aumentando seu risco de infec\u00e7\u00f5es. A coordena\u00e7\u00e3o do projeto \u00e9 realizada pela Professora Fabiana de Miranda Moura.<\/span><\/p>\t\t\t\t\t\t<\/div>\n\t\t\t\t<\/div>\n\t\t\t\t<div class=\"elementor-element elementor-element-edb2c4e elementor-widget__width-inherit jltma-glass-effect-no elementor-widget elementor-widget-text-editor\" data-id=\"edb2c4e\" data-element_type=\"widget\" data-widget_type=\"text-editor.default\">\n\t\t\t\t<div class=\"elementor-widget-container\">\n\t\t\t\t\t\t\t<p>\u00a0<\/p><p>Impacto Esperado<\/p>\t\t\t\t\t\t<\/div>\n\t\t\t\t<\/div>\n\t\t\t\t<div class=\"elementor-element elementor-element-5ba267a jltma-glass-effect-no elementor-widget elementor-widget-text-editor\" data-id=\"5ba267a\" data-element_type=\"widget\" data-widget_type=\"text-editor.default\">\n\t\t\t\t<div class=\"elementor-widget-container\">\n\t\t\t\t\t\t\t<p>Melhoria na Sa\u00fade dos Pacientes com L\u00fapus:<span style=\"font-weight: 400;\"> O projeto visa aprimorar a sa\u00fade dos pacientes com l\u00fapus ao identificar e encaminhar eficientemente aqueles com atrasos no cart\u00e3o de vacinas para o Centro de Refer\u00eancia em Imunobiol\u00f3gicos Especiais (CRIE), contribuindo para a preven\u00e7\u00e3o de complica\u00e7\u00f5es infecciosas e a melhoria da qualidade de vida.<\/span><\/p><p>Educa\u00e7\u00e3o Cont\u00ednua sobre Imuniza\u00e7\u00e3o:<span style=\"font-weight: 400;\"> O projeto desempenha um papel crucial na educa\u00e7\u00e3o constante sobre imuniza\u00e7\u00e3o, proporcionando informa\u00e7\u00f5es e conscientiza\u00e7\u00e3o sobre a import\u00e2ncia da vacina\u00e7\u00e3o, especialmente para pacientes imunossuprimidos pelo l\u00fapus e\/ou seu tratamento, promovendo uma comunidade mais informada e proativa em rela\u00e7\u00e3o \u00e0 sa\u00fade.<\/span><\/p><p>Redu\u00e7\u00e3o do Risco de Infec\u00e7\u00f5es:<span style=\"font-weight: 400;\"> Focado na redu\u00e7\u00e3o do risco de infec\u00e7\u00f5es em pacientes com l\u00fapus, o projeto identifica e corrige atrasos na vacina\u00e7\u00e3o, fortalecendo a imunidade dos pacientes e minimizando o impacto potencial de infec\u00e7\u00f5es, com o objetivo de diminuir significativamente as complica\u00e7\u00f5es relacionadas \u00e0 sa\u00fade.<\/span><\/p>\t\t\t\t\t\t<\/div>\n\t\t\t\t<\/div>\n\t\t\t\t<\/div>\n\t\t\t\t\t<\/div>\n\t\t\t\t<\/div>\n\t\t\t\t\t\t\t<\/div>\n\t\t","protected":false},"excerpt":{"rendered":"<p>Vacina\u00e7\u00e3o O projeto Em 2017, foi iniciado um projeto com o prop\u00f3sito de realizar uma avalia\u00e7\u00e3o cont\u00ednua da situa\u00e7\u00e3o vacinal de pacientes com l\u00fapus, encaminhando aqueles com atrasos no cart\u00e3o de vacinas ao Centro de Refer\u00eancia em Imunobiol\u00f3gicos Especiais (CRIE). Essa iniciativa visa educar e controlar complica\u00e7\u00f5es infecciosas, dada a imunossupress\u00e3o comum em pacientes com [&hellip;]<\/p>\n","protected":false},"author":3,"featured_media":0,"parent":0,"menu_order":0,"comment_status":"closed","ping_status":"closed","template":"elementor_header_footer","meta":{"footnotes":""},"class_list":["post-2072","page","type-page","status-publish","hentry"],"_links":{"self":[{"href":"https:\/\/lupusufmg.medicina.ufmg.br\/index.php\/wp-json\/wp\/v2\/pages\/2072","targetHints":{"allow":["GET"]}}],"collection":[{"href":"https:\/\/lupusufmg.medicina.ufmg.br\/index.php\/wp-json\/wp\/v2\/pages"}],"about":[{"href":"https:\/\/lupusufmg.medicina.ufmg.br\/index.php\/wp-json\/wp\/v2\/types\/page"}],"author":[{"embeddable":true,"href":"https:\/\/lupusufmg.medicina.ufmg.br\/index.php\/wp-json\/wp\/v2\/users\/3"}],"replies":[{"embeddable":true,"href":"https:\/\/lupusufmg.medicina.ufmg.br\/index.php\/wp-json\/wp\/v2\/comments?post=2072"}],"version-history":[{"count":7,"href":"https:\/\/lupusufmg.medicina.ufmg.br\/index.php\/wp-json\/wp\/v2\/pages\/2072\/revisions"}],"predecessor-version":[{"id":2171,"href":"https:\/\/lupusufmg.medicina.ufmg.br\/index.php\/wp-json\/wp\/v2\/pages\/2072\/revisions\/2171"}],"wp:attachment":[{"href":"https:\/\/lupusufmg.medicina.ufmg.br\/index.php\/wp-json\/wp\/v2\/media?parent=2072"}],"curies":[{"name":"wp","href":"https:\/\/api.w.org\/{rel}","templated":true}]}}