{"id":2080,"date":"2023-11-25T13:59:13","date_gmt":"2023-11-25T16:59:13","guid":{"rendered":"https:\/\/lupusufmg.medicina.ufmg.br\/?page_id=2080"},"modified":"2023-11-25T15:20:22","modified_gmt":"2023-11-25T18:20:22","slug":"gples-sobre-nos-5","status":"publish","type":"page","link":"https:\/\/lupusufmg.medicina.ufmg.br\/index.php\/gples-sobre-nos-5\/","title":{"rendered":"GPLES &#8211; Camouflage Cosm\u00e9tica"},"content":{"rendered":"\t\t<div data-elementor-type=\"wp-page\" data-elementor-id=\"2080\" class=\"elementor elementor-2080\">\n\t\t\t\t\t\t\t<div class=\"elementor-element elementor-element-891f9b7 e-flex e-con-boxed e-con\" data-id=\"891f9b7\" data-element_type=\"container\" data-settings=\"{&quot;background_background&quot;:&quot;classic&quot;,&quot;content_width&quot;:&quot;boxed&quot;}\">\n\t\t\t\t\t<div class=\"e-con-inner\">\n\t\t\t\t<div class=\"elementor-element elementor-element-43a9d29 jltma-glass-effect-no elementor-widget elementor-widget-heading\" data-id=\"43a9d29\" data-element_type=\"widget\" data-widget_type=\"heading.default\">\n\t\t\t\t<div class=\"elementor-widget-container\">\n\t\t\t<style>\/*! elementor - v3.15.0 - 20-08-2023 *\/\n.elementor-heading-title{padding:0;margin:0;line-height:1}.elementor-widget-heading .elementor-heading-title[class*=elementor-size-]>a{color:inherit;font-size:inherit;line-height:inherit}.elementor-widget-heading .elementor-heading-title.elementor-size-small{font-size:15px}.elementor-widget-heading .elementor-heading-title.elementor-size-medium{font-size:19px}.elementor-widget-heading .elementor-heading-title.elementor-size-large{font-size:29px}.elementor-widget-heading .elementor-heading-title.elementor-size-xl{font-size:39px}.elementor-widget-heading .elementor-heading-title.elementor-size-xxl{font-size:59px}<\/style><h2 class=\"elementor-heading-title elementor-size-default\">Camouflage Cosm\u00e9tica<\/h2>\t\t<\/div>\n\t\t\t\t<\/div>\n\t\t\t\t\t<\/div>\n\t\t\t\t<\/div>\n\t\t<div class=\"elementor-element elementor-element-093392c e-flex e-con-boxed e-con\" data-id=\"093392c\" data-element_type=\"container\" data-settings=\"{&quot;content_width&quot;:&quot;boxed&quot;}\">\n\t\t\t\t\t<div class=\"e-con-inner\">\n\t\t<div class=\"elementor-element elementor-element-e9f8709 e-con-full e-flex e-con\" data-id=\"e9f8709\" data-element_type=\"container\" data-settings=\"{&quot;content_width&quot;:&quot;full&quot;}\">\n\t\t\t\t<div class=\"elementor-element elementor-element-6cef809 elementor-widget__width-inherit jltma-glass-effect-no elementor-widget elementor-widget-text-editor\" data-id=\"6cef809\" data-element_type=\"widget\" data-widget_type=\"text-editor.default\">\n\t\t\t\t<div class=\"elementor-widget-container\">\n\t\t\t<style>\/*! elementor - v3.15.0 - 20-08-2023 *\/\n.elementor-widget-text-editor.elementor-drop-cap-view-stacked .elementor-drop-cap{background-color:#69727d;color:#fff}.elementor-widget-text-editor.elementor-drop-cap-view-framed .elementor-drop-cap{color:#69727d;border:3px solid;background-color:transparent}.elementor-widget-text-editor:not(.elementor-drop-cap-view-default) .elementor-drop-cap{margin-top:8px}.elementor-widget-text-editor:not(.elementor-drop-cap-view-default) .elementor-drop-cap-letter{width:1em;height:1em}.elementor-widget-text-editor .elementor-drop-cap{float:left;text-align:center;line-height:1;font-size:50px}.elementor-widget-text-editor .elementor-drop-cap-letter{display:inline-block}<\/style>\t\t\t\t<p>O projeto<\/p>\t\t\t\t\t\t<\/div>\n\t\t\t\t<\/div>\n\t\t\t\t<div class=\"elementor-element elementor-element-ded45eb jltma-glass-effect-no elementor-widget elementor-widget-text-editor\" data-id=\"ded45eb\" data-element_type=\"widget\" data-widget_type=\"text-editor.default\">\n\t\t\t\t<div class=\"elementor-widget-container\">\n\t\t\t\t\t\t\t<p><span style=\"font-weight: 400;\">O Projeto Camouflage Cosm\u00e9tica, iniciado em 2015, foca na <\/span>utiliza\u00e7\u00e3o de maquiagem de camuflagem para cobrir les\u00f5es de pele<span style=\"font-weight: 400;\">, como cicatrizes e altera\u00e7\u00f5es pigmentares, em pacientes com LES e cicatrizes de manchas cut\u00e2neas na face. Originalmente concebido como um projeto de extens\u00e3o, evoluiu tamb\u00e9m para uma pesquisa de inicia\u00e7\u00e3o cient\u00edfica e posteriormente para um projeto de mestrado liderado por Fernando Afr\u00e2nio Palmeira Oliveira. O treinamento dos pacientes visa<\/span> melhorar a autoimagem e a qualidade de vida<span style=\"font-weight: 400;\">, resultando em uma melhora observada na qualidade de vida relacionada \u00e0 sa\u00fade ao longo da interven\u00e7\u00e3o, conforme avaliado por question\u00e1rios validados em portugu\u00eas. Os resultados da pesquisa foram publicados no peri\u00f3dico Lupus em agosto de 2020, sob a coordena\u00e7\u00e3o da Professora Cristina Costa Duarte Lanna.<\/span><\/p>\t\t\t\t\t\t<\/div>\n\t\t\t\t<\/div>\n\t\t\t\t<div class=\"elementor-element elementor-element-edb2c4e elementor-widget__width-inherit jltma-glass-effect-no elementor-widget elementor-widget-text-editor\" data-id=\"edb2c4e\" data-element_type=\"widget\" data-widget_type=\"text-editor.default\">\n\t\t\t\t<div class=\"elementor-widget-container\">\n\t\t\t\t\t\t\t<p>\u00a0<\/p><p>Impacto Esperado<\/p>\t\t\t\t\t\t<\/div>\n\t\t\t\t<\/div>\n\t\t\t\t<div class=\"elementor-element elementor-element-5ba267a jltma-glass-effect-no elementor-widget elementor-widget-text-editor\" data-id=\"5ba267a\" data-element_type=\"widget\" data-widget_type=\"text-editor.default\">\n\t\t\t\t<div class=\"elementor-widget-container\">\n\t\t\t\t\t\t\t<p>Melhora na Autoimagem e Qualidade de Vida dos Pacientes:<span style=\"font-weight: 400;\"> O projeto visa aprimorar a autoimagem e qualidade de vida dos pacientes ao trein\u00e1-los no uso de maquiagem de camuflagem para cobrir les\u00f5es cut\u00e2neas relacionadas ao LES.<\/span><\/p><p>Contribui\u00e7\u00e3o para Pesquisa Cient\u00edfica e Acad\u00eamica: <span style=\"font-weight: 400;\">A progress\u00e3o do projeto de extens\u00e3o para pesquisa de inicia\u00e7\u00e3o cient\u00edfica e projeto de mestrado evidencia seu impacto acad\u00eamico e a relev\u00e2ncia da investiga\u00e7\u00e3o liderada por Fernando Afr\u00e2nio Palmeira Oliveira.<\/span><\/p><p>Divulga\u00e7\u00e3o de Resultados e Contribui\u00e7\u00e3o para o Conhecimento Global: <span style=\"font-weight: 400;\">A publica\u00e7\u00e3o dos resultados no peri\u00f3dico Lupus em agosto de 2020 amplifica a contribui\u00e7\u00e3o do projeto ao conhecimento global, oferecendo insights sobre a efic\u00e1cia da maquiagem de camuflagem na qualidade de vida de pacientes com LES e cicatrizes cut\u00e2neas.<\/span><\/p>\t\t\t\t\t\t<\/div>\n\t\t\t\t<\/div>\n\t\t\t\t<\/div>\n\t\t\t\t\t<\/div>\n\t\t\t\t<\/div>\n\t\t\t\t\t\t\t<\/div>\n\t\t","protected":false},"excerpt":{"rendered":"<p>Camouflage Cosm\u00e9tica O projeto O Projeto Camouflage Cosm\u00e9tica, iniciado em 2015, foca na utiliza\u00e7\u00e3o de maquiagem de camuflagem para cobrir les\u00f5es de pele, como cicatrizes e altera\u00e7\u00f5es pigmentares, em pacientes com LES e cicatrizes de manchas cut\u00e2neas na face. Originalmente concebido como um projeto de extens\u00e3o, evoluiu tamb\u00e9m para uma pesquisa de inicia\u00e7\u00e3o cient\u00edfica e [&hellip;]<\/p>\n","protected":false},"author":3,"featured_media":0,"parent":0,"menu_order":0,"comment_status":"closed","ping_status":"closed","template":"elementor_header_footer","meta":{"footnotes":""},"class_list":["post-2080","page","type-page","status-publish","hentry"],"_links":{"self":[{"href":"https:\/\/lupusufmg.medicina.ufmg.br\/index.php\/wp-json\/wp\/v2\/pages\/2080","targetHints":{"allow":["GET"]}}],"collection":[{"href":"https:\/\/lupusufmg.medicina.ufmg.br\/index.php\/wp-json\/wp\/v2\/pages"}],"about":[{"href":"https:\/\/lupusufmg.medicina.ufmg.br\/index.php\/wp-json\/wp\/v2\/types\/page"}],"author":[{"embeddable":true,"href":"https:\/\/lupusufmg.medicina.ufmg.br\/index.php\/wp-json\/wp\/v2\/users\/3"}],"replies":[{"embeddable":true,"href":"https:\/\/lupusufmg.medicina.ufmg.br\/index.php\/wp-json\/wp\/v2\/comments?post=2080"}],"version-history":[{"count":7,"href":"https:\/\/lupusufmg.medicina.ufmg.br\/index.php\/wp-json\/wp\/v2\/pages\/2080\/revisions"}],"predecessor-version":[{"id":2150,"href":"https:\/\/lupusufmg.medicina.ufmg.br\/index.php\/wp-json\/wp\/v2\/pages\/2080\/revisions\/2150"}],"wp:attachment":[{"href":"https:\/\/lupusufmg.medicina.ufmg.br\/index.php\/wp-json\/wp\/v2\/media?parent=2080"}],"curies":[{"name":"wp","href":"https:\/\/api.w.org\/{rel}","templated":true}]}}